{"id":1666,"date":"2024-07-18T18:51:30","date_gmt":"2024-07-18T22:51:30","guid":{"rendered":"https:\/\/therivera.group\/?page_id=1666"},"modified":"2025-02-20T15:52:51","modified_gmt":"2025-02-20T19:52:51","slug":"proteccion","status":"publish","type":"page","link":"https:\/\/therivera.group\/en\/proteccion\/","title":{"rendered":"Estate Planning"},"content":{"rendered":"<div data-elementor-type=\"wp-page\" data-elementor-id=\"1666\" class=\"elementor elementor-1666\" data-elementor-post-type=\"page\">\n\t\t\t\t<div class=\"elementor-element elementor-element-1afd20ce e-flex e-con-boxed e-con e-parent\" data-id=\"1afd20ce\" data-element_type=\"container\" data-e-type=\"container\" data-settings=\"{&quot;background_background&quot;:&quot;classic&quot;}\">\n\t\t\t\t\t<div class=\"e-con-inner\">\n\t\t<div class=\"elementor-element elementor-element-4396a358 e-con-full e-flex e-con e-child\" data-id=\"4396a358\" data-element_type=\"container\" data-e-type=\"container\">\n\t\t<div class=\"elementor-element elementor-element-5889ab31 e-con-full e-flex e-con e-child\" data-id=\"5889ab31\" data-element_type=\"container\" data-e-type=\"container\">\n\t\t\t\t<\/div>\n\t\t\t\t<\/div>\n\t\t\t\t\t<\/div>\n\t\t\t\t<\/div>\n\t\t<div class=\"elementor-element elementor-element-f88567f e-flex e-con-boxed e-con e-parent\" data-id=\"f88567f\" data-element_type=\"container\" data-e-type=\"container\">\n\t\t\t\t\t<div class=\"e-con-inner\">\n\t\t<div class=\"elementor-element elementor-element-af666f0 e-con-full e-flex e-con e-child\" data-id=\"af666f0\" data-element_type=\"container\" data-e-type=\"container\" data-settings=\"{&quot;background_background&quot;:&quot;classic&quot;}\">\n\t\t\t\t<\/div>\n\t\t<div class=\"elementor-element elementor-element-212ccae e-con-full e-flex e-con e-child\" data-id=\"212ccae\" data-element_type=\"container\" data-e-type=\"container\">\n\t\t\t\t<div class=\"elementor-element elementor-element-be20d73 elementor-widget elementor-widget-heading\" data-id=\"be20d73\" data-element_type=\"widget\" data-e-type=\"widget\" data-widget_type=\"heading.default\">\n\t\t\t\t<div class=\"elementor-widget-container\">\n\t\t\t\t\t<h3 class=\"elementor-heading-title elementor-size-default\">Assistance in planning your future with peace of mind and confidence<\/h3>\t\t\t\t<\/div>\n\t\t\t\t<\/div>\n\t\t\t\t<div class=\"elementor-element elementor-element-b834360 elementor-widget elementor-widget-text-editor\" data-id=\"b834360\" data-element_type=\"widget\" data-e-type=\"widget\" data-widget_type=\"text-editor.default\">\n\t\t\t\t<div class=\"elementor-widget-container\">\n\t\t\t\t\t\t\t\t\t<p>In life, situations occur that can affect our personal condition and our businesses, such as early retirement, foreclosures, death, disability, divorce or bankruptcy. The best way to avoid damaging scenarios is by planning in advance.<\/p><p><span style=\"letter-spacing: 0px; background-color: var( --e-global-color-accent ); color: var( --e-global-color-text );\">We design strategies and legal mechanisms so that you can dispose of your personal and business assets according to your goals and family matters. We assist you in the process of making important decisions concerning your property, investments and businesses to ensure a smooth transition to future generations in an effective and organized manner.<\/span><br><\/p>\t\t\t\t\t\t\t\t<\/div>\n\t\t\t\t<\/div>\n\t\t\t\t<\/div>\n\t\t\t\t\t<\/div>\n\t\t\t\t<\/div>\n\t\t<div class=\"elementor-element elementor-element-8590b80 e-flex e-con-boxed e-con e-parent\" data-id=\"8590b80\" data-element_type=\"container\" data-e-type=\"container\" data-settings=\"{&quot;background_background&quot;:&quot;classic&quot;}\">\n\t\t\t\t\t<div class=\"e-con-inner\">\n\t\t<div class=\"elementor-element elementor-element-eb2819c e-con-full e-flex e-con e-child\" data-id=\"eb2819c\" data-element_type=\"container\" data-e-type=\"container\">\n\t\t\t\t<div class=\"elementor-element elementor-element-589ece6 elementor-widget__width-initial elementor-widget elementor-widget-heading\" data-id=\"589ece6\" data-element_type=\"widget\" data-e-type=\"widget\" data-widget_type=\"heading.default\">\n\t\t\t\t<div class=\"elementor-widget-container\">\n\t\t\t\t\t<h3 class=\"elementor-heading-title elementor-size-default\">We can help you with your legal needs!<\/h3>\t\t\t\t<\/div>\n\t\t\t\t<\/div>\n\t\t\t\t<div class=\"elementor-element elementor-element-e64baaa elementor-widget elementor-widget-button\" data-id=\"e64baaa\" data-element_type=\"widget\" data-e-type=\"widget\" data-widget_type=\"button.default\">\n\t\t\t\t<div class=\"elementor-widget-container\">\n\t\t\t\t\t\t\t\t\t<div class=\"elementor-button-wrapper\">\n\t\t\t\t\t<a class=\"elementor-button elementor-button-link elementor-size-sm\" href=\"\/en\/contacto\/\">\n\t\t\t\t\t\t<span class=\"elementor-button-content-wrapper\">\n\t\t\t\t\t\t\t\t\t<span class=\"elementor-button-text\">Contact Us<\/span>\n\t\t\t\t\t<\/span>\n\t\t\t\t\t<\/a>\n\t\t\t\t<\/div>\n\t\t\t\t\t\t\t\t<\/div>\n\t\t\t\t<\/div>\n\t\t\t\t<\/div>\n\t\t\t\t\t<\/div>\n\t\t\t\t<\/div>\n\t\t\t\t<\/div>","protected":false},"excerpt":{"rendered":"<p>Planifica para el futuro con paz y tranquilidad En la vida ocurren situaciones que pueden afectar nuestra condici\u00f3n personal y de nuestros negocios como, por ejemplo, retiro, venta, muerte, incapacidad, divorcio o insolvencia financiera. La manera m\u00e1s adecuada para evitar efectos perjudiciales es mediante la planificaci\u00f3n sucesoral. Dise\u00f1amos estrategias y mecanismos legales para que puedas [&hellip;]<\/p>\n","protected":false},"author":1,"featured_media":0,"parent":0,"menu_order":0,"comment_status":"closed","ping_status":"closed","template":"elementor_header_footer","meta":{"footnotes":""},"class_list":["post-1666","page","type-page","status-publish","hentry"],"_links":{"self":[{"href":"https:\/\/therivera.group\/en\/wp-json\/wp\/v2\/pages\/1666","targetHints":{"allow":["GET"]}}],"collection":[{"href":"https:\/\/therivera.group\/en\/wp-json\/wp\/v2\/pages"}],"about":[{"href":"https:\/\/therivera.group\/en\/wp-json\/wp\/v2\/types\/page"}],"author":[{"embeddable":true,"href":"https:\/\/therivera.group\/en\/wp-json\/wp\/v2\/users\/1"}],"replies":[{"embeddable":true,"href":"https:\/\/therivera.group\/en\/wp-json\/wp\/v2\/comments?post=1666"}],"version-history":[{"count":11,"href":"https:\/\/therivera.group\/en\/wp-json\/wp\/v2\/pages\/1666\/revisions"}],"predecessor-version":[{"id":2501,"href":"https:\/\/therivera.group\/en\/wp-json\/wp\/v2\/pages\/1666\/revisions\/2501"}],"wp:attachment":[{"href":"https:\/\/therivera.group\/en\/wp-json\/wp\/v2\/media?parent=1666"}],"curies":[{"name":"wp","href":"https:\/\/api.w.org\/{rel}","templated":true}]}}