{"id":1602,"date":"2024-07-18T17:18:00","date_gmt":"2024-07-18T21:18:00","guid":{"rendered":"https:\/\/therivera.group\/?page_id=1602"},"modified":"2025-02-20T15:51:22","modified_gmt":"2025-02-20T19:51:22","slug":"familia","status":"publish","type":"page","link":"https:\/\/therivera.group\/en\/familia\/","title":{"rendered":"Personal Matters"},"content":{"rendered":"<div data-elementor-type=\"wp-page\" data-elementor-id=\"1602\" class=\"elementor elementor-1602\" data-elementor-post-type=\"page\">\n\t\t\t\t<div class=\"elementor-element elementor-element-1afd20ce e-flex e-con-boxed e-con e-parent\" data-id=\"1afd20ce\" data-element_type=\"container\" data-e-type=\"container\" data-settings=\"{&quot;background_background&quot;:&quot;classic&quot;}\">\n\t\t\t\t\t<div class=\"e-con-inner\">\n\t\t<div class=\"elementor-element elementor-element-4396a358 e-con-full e-flex e-con e-child\" data-id=\"4396a358\" data-element_type=\"container\" data-e-type=\"container\">\n\t\t<div class=\"elementor-element elementor-element-5889ab31 e-con-full e-flex e-con e-child\" data-id=\"5889ab31\" data-element_type=\"container\" data-e-type=\"container\">\n\t\t\t\t<\/div>\n\t\t\t\t<\/div>\n\t\t\t\t\t<\/div>\n\t\t\t\t<\/div>\n\t\t<div class=\"elementor-element elementor-element-f88567f e-flex e-con-boxed e-con e-parent\" data-id=\"f88567f\" data-element_type=\"container\" data-e-type=\"container\">\n\t\t\t\t\t<div class=\"e-con-inner\">\n\t\t<div class=\"elementor-element elementor-element-af666f0 e-con-full e-flex e-con e-child\" data-id=\"af666f0\" data-element_type=\"container\" data-e-type=\"container\" data-settings=\"{&quot;background_background&quot;:&quot;classic&quot;}\">\n\t\t\t\t<\/div>\n\t\t<div class=\"elementor-element elementor-element-212ccae e-con-full e-flex e-con e-child\" data-id=\"212ccae\" data-element_type=\"container\" data-e-type=\"container\">\n\t\t\t\t<div class=\"elementor-element elementor-element-be20d73 elementor-widget elementor-widget-heading\" data-id=\"be20d73\" data-element_type=\"widget\" data-e-type=\"widget\" data-widget_type=\"heading.default\">\n\t\t\t\t<div class=\"elementor-widget-container\">\n\t\t\t\t\t<h3 class=\"elementor-heading-title elementor-size-default\">We can help you with personal matters<\/h3>\t\t\t\t<\/div>\n\t\t\t\t<\/div>\n\t\t\t\t<div class=\"elementor-element elementor-element-b834360 elementor-widget elementor-widget-text-editor\" data-id=\"b834360\" data-element_type=\"widget\" data-e-type=\"widget\" data-widget_type=\"text-editor.default\">\n\t\t\t\t<div class=\"elementor-widget-container\">\n\t\t\t\t\t\t\t\t\tThrough the preparation of trusts, estate planning and distributions, divisions of joint property, appointments of legal guardians, declarations of disability or tutelage, prenuptial or post nuptial agreements, marriages and divorces before a Notary, among other services. \t\t\t\t\t\t\t\t<\/div>\n\t\t\t\t<\/div>\n\t\t\t\t<\/div>\n\t\t\t\t\t<\/div>\n\t\t\t\t<\/div>\n\t\t<div class=\"elementor-element elementor-element-06e5842 e-flex e-con-boxed e-con e-parent\" data-id=\"06e5842\" data-element_type=\"container\" data-e-type=\"container\" data-settings=\"{&quot;background_background&quot;:&quot;classic&quot;}\">\n\t\t\t\t\t<div class=\"e-con-inner\">\n\t\t<div class=\"elementor-element elementor-element-c74d296 e-con-full e-flex e-con e-child\" data-id=\"c74d296\" data-element_type=\"container\" data-e-type=\"container\">\n\t\t\t\t<div class=\"elementor-element elementor-element-d7f1de2 elementor-widget__width-initial elementor-widget elementor-widget-heading\" data-id=\"d7f1de2\" data-element_type=\"widget\" data-e-type=\"widget\" data-widget_type=\"heading.default\">\n\t\t\t\t<div class=\"elementor-widget-container\">\n\t\t\t\t\t<h3 class=\"elementor-heading-title elementor-size-default\">We can help you with your legal needs!<\/h3>\t\t\t\t<\/div>\n\t\t\t\t<\/div>\n\t\t\t\t<div class=\"elementor-element elementor-element-3c17e45 elementor-widget elementor-widget-button\" data-id=\"3c17e45\" data-element_type=\"widget\" data-e-type=\"widget\" data-widget_type=\"button.default\">\n\t\t\t\t<div class=\"elementor-widget-container\">\n\t\t\t\t\t\t\t\t\t<div class=\"elementor-button-wrapper\">\n\t\t\t\t\t<a class=\"elementor-button elementor-button-link elementor-size-sm\" href=\"\/en\/contacto\/\">\n\t\t\t\t\t\t<span class=\"elementor-button-content-wrapper\">\n\t\t\t\t\t\t\t\t\t<span class=\"elementor-button-text\">Contact Us<\/span>\n\t\t\t\t\t<\/span>\n\t\t\t\t\t<\/a>\n\t\t\t\t<\/div>\n\t\t\t\t\t\t\t\t<\/div>\n\t\t\t\t<\/div>\n\t\t\t\t<\/div>\n\t\t\t\t\t<\/div>\n\t\t\t\t<\/div>\n\t\t\t\t<\/div>","protected":false},"excerpt":{"rendered":"<p>Podemos ayudarte con asuntos personales Te asistimos en la creaci\u00f3n de fideicomisos, particiones de herencias, preparaci\u00f3n de capitulaciones matrimoniales, divisi\u00f3n de bienes gananciales, declaraciones de incapacidad, matrimonios y divorcios ante notario, nombramiento de tutores, entre otros. \u00a1Podemos ayudarte con tus necesidades legales! Cont\u00e1ctanos<\/p>","protected":false},"author":1,"featured_media":0,"parent":0,"menu_order":0,"comment_status":"closed","ping_status":"closed","template":"elementor_header_footer","meta":{"footnotes":""},"class_list":["post-1602","page","type-page","status-publish","hentry"],"_links":{"self":[{"href":"https:\/\/therivera.group\/en\/wp-json\/wp\/v2\/pages\/1602","targetHints":{"allow":["GET"]}}],"collection":[{"href":"https:\/\/therivera.group\/en\/wp-json\/wp\/v2\/pages"}],"about":[{"href":"https:\/\/therivera.group\/en\/wp-json\/wp\/v2\/types\/page"}],"author":[{"embeddable":true,"href":"https:\/\/therivera.group\/en\/wp-json\/wp\/v2\/users\/1"}],"replies":[{"embeddable":true,"href":"https:\/\/therivera.group\/en\/wp-json\/wp\/v2\/comments?post=1602"}],"version-history":[{"count":23,"href":"https:\/\/therivera.group\/en\/wp-json\/wp\/v2\/pages\/1602\/revisions"}],"predecessor-version":[{"id":2492,"href":"https:\/\/therivera.group\/en\/wp-json\/wp\/v2\/pages\/1602\/revisions\/2492"}],"wp:attachment":[{"href":"https:\/\/therivera.group\/en\/wp-json\/wp\/v2\/media?parent=1602"}],"curies":[{"name":"wp","href":"https:\/\/api.w.org\/{rel}","templated":true}]}}