{"id":1587,"date":"2024-07-18T17:08:48","date_gmt":"2024-07-18T21:08:48","guid":{"rendered":"https:\/\/therivera.group\/?page_id=1587"},"modified":"2025-02-20T15:49:02","modified_gmt":"2025-02-20T19:49:02","slug":"reclamaciones","status":"publish","type":"page","link":"https:\/\/therivera.group\/en\/reclamaciones\/","title":{"rendered":"Claims"},"content":{"rendered":"<div data-elementor-type=\"wp-page\" data-elementor-id=\"1587\" class=\"elementor elementor-1587\" data-elementor-post-type=\"page\">\n\t\t\t\t<div class=\"elementor-element elementor-element-1afd20ce e-flex e-con-boxed e-con e-parent\" data-id=\"1afd20ce\" data-element_type=\"container\" data-e-type=\"container\" data-settings=\"{&quot;background_background&quot;:&quot;classic&quot;}\">\n\t\t\t\t\t<div class=\"e-con-inner\">\n\t\t<div class=\"elementor-element elementor-element-4396a358 e-con-full e-flex e-con e-child\" data-id=\"4396a358\" data-element_type=\"container\" data-e-type=\"container\">\n\t\t<div class=\"elementor-element elementor-element-5889ab31 e-con-full e-flex e-con e-child\" data-id=\"5889ab31\" data-element_type=\"container\" data-e-type=\"container\">\n\t\t\t\t<\/div>\n\t\t\t\t<\/div>\n\t\t\t\t\t<\/div>\n\t\t\t\t<\/div>\n\t\t<div class=\"elementor-element elementor-element-f88567f e-flex e-con-boxed e-con e-parent\" data-id=\"f88567f\" data-element_type=\"container\" data-e-type=\"container\">\n\t\t\t\t\t<div class=\"e-con-inner\">\n\t\t<div class=\"elementor-element elementor-element-af666f0 e-con-full e-flex e-con e-child\" data-id=\"af666f0\" data-element_type=\"container\" data-e-type=\"container\" data-settings=\"{&quot;background_background&quot;:&quot;classic&quot;}\">\n\t\t\t\t<\/div>\n\t\t<div class=\"elementor-element elementor-element-212ccae e-con-full e-flex e-con e-child\" data-id=\"212ccae\" data-element_type=\"container\" data-e-type=\"container\">\n\t\t\t\t<div class=\"elementor-element elementor-element-be20d73 elementor-widget elementor-widget-heading\" data-id=\"be20d73\" data-element_type=\"widget\" data-e-type=\"widget\" data-widget_type=\"heading.default\">\n\t\t\t\t<div class=\"elementor-widget-container\">\n\t\t\t\t\t<h3 class=\"elementor-heading-title elementor-size-default\">We can help you with your personal or business-related claims<\/h3>\t\t\t\t<\/div>\n\t\t\t\t<\/div>\n\t\t\t\t<div class=\"elementor-element elementor-element-b834360 elementor-widget elementor-widget-text-editor\" data-id=\"b834360\" data-element_type=\"widget\" data-e-type=\"widget\" data-widget_type=\"text-editor.default\">\n\t\t\t\t<div class=\"elementor-widget-container\">\n\t\t\t\t\t\t\t\t\t<p>Through legal representation as a plaintiff or defendant before the state courts and government agencies in Puerto Rico, as well as most federal courts. We handle cases regarding collection of monies, evictions, breach of contract, warranty claims, consumer issues, as well as controversies related to construction, eminent domain, foreclosure of mortgages, and any type of civil case.<\/p>\t\t\t\t\t\t\t\t<\/div>\n\t\t\t\t<\/div>\n\t\t\t\t<\/div>\n\t\t\t\t\t<\/div>\n\t\t\t\t<\/div>\n\t\t<div class=\"elementor-element elementor-element-c9ff3db e-flex e-con-boxed e-con e-parent\" data-id=\"c9ff3db\" data-element_type=\"container\" data-e-type=\"container\" data-settings=\"{&quot;background_background&quot;:&quot;classic&quot;}\">\n\t\t\t\t\t<div class=\"e-con-inner\">\n\t\t<div class=\"elementor-element elementor-element-88a83df e-con-full e-flex e-con e-child\" data-id=\"88a83df\" data-element_type=\"container\" data-e-type=\"container\">\n\t\t\t\t<div class=\"elementor-element elementor-element-f5e46f6 elementor-widget__width-initial elementor-widget elementor-widget-heading\" data-id=\"f5e46f6\" data-element_type=\"widget\" data-e-type=\"widget\" data-widget_type=\"heading.default\">\n\t\t\t\t<div class=\"elementor-widget-container\">\n\t\t\t\t\t<h3 class=\"elementor-heading-title elementor-size-default\">We can help you with your legal needs!<\/h3>\t\t\t\t<\/div>\n\t\t\t\t<\/div>\n\t\t\t\t<div class=\"elementor-element elementor-element-6d1a442 elementor-widget elementor-widget-button\" data-id=\"6d1a442\" data-element_type=\"widget\" data-e-type=\"widget\" data-widget_type=\"button.default\">\n\t\t\t\t<div class=\"elementor-widget-container\">\n\t\t\t\t\t\t\t\t\t<div class=\"elementor-button-wrapper\">\n\t\t\t\t\t<a class=\"elementor-button elementor-button-link elementor-size-sm\" href=\"\/en\/contacto\/\">\n\t\t\t\t\t\t<span class=\"elementor-button-content-wrapper\">\n\t\t\t\t\t\t\t\t\t<span class=\"elementor-button-text\">Contact Us<\/span>\n\t\t\t\t\t<\/span>\n\t\t\t\t\t<\/a>\n\t\t\t\t<\/div>\n\t\t\t\t\t\t\t\t<\/div>\n\t\t\t\t<\/div>\n\t\t\t\t<\/div>\n\t\t\t\t\t<\/div>\n\t\t\t\t<\/div>\n\t\t\t\t<\/div>","protected":false},"excerpt":{"rendered":"<p>Podemos ayudarte con reclamaciones Te representamos tanto como demandante o demandado ante los tribunales de Puerto Rico, la corte federal o cualquier agencia del gobierno. Manejamos casos de cobro de dinero, desahucio, incumplimiento de contratos, reclamaciones de garant\u00edas y asuntos de consumidores, controversias relacionadas a la construcci\u00f3n, expropiaci\u00f3n, ejecuciones de hipoteca y todo tipo de [&hellip;]<\/p>\n","protected":false},"author":1,"featured_media":0,"parent":0,"menu_order":0,"comment_status":"closed","ping_status":"closed","template":"elementor_header_footer","meta":{"footnotes":""},"class_list":["post-1587","page","type-page","status-publish","hentry"],"_links":{"self":[{"href":"https:\/\/therivera.group\/en\/wp-json\/wp\/v2\/pages\/1587","targetHints":{"allow":["GET"]}}],"collection":[{"href":"https:\/\/therivera.group\/en\/wp-json\/wp\/v2\/pages"}],"about":[{"href":"https:\/\/therivera.group\/en\/wp-json\/wp\/v2\/types\/page"}],"author":[{"embeddable":true,"href":"https:\/\/therivera.group\/en\/wp-json\/wp\/v2\/users\/1"}],"replies":[{"embeddable":true,"href":"https:\/\/therivera.group\/en\/wp-json\/wp\/v2\/comments?post=1587"}],"version-history":[{"count":17,"href":"https:\/\/therivera.group\/en\/wp-json\/wp\/v2\/pages\/1587\/revisions"}],"predecessor-version":[{"id":2477,"href":"https:\/\/therivera.group\/en\/wp-json\/wp\/v2\/pages\/1587\/revisions\/2477"}],"wp:attachment":[{"href":"https:\/\/therivera.group\/en\/wp-json\/wp\/v2\/media?parent=1587"}],"curies":[{"name":"wp","href":"https:\/\/api.w.org\/{rel}","templated":true}]}}