{"id":1571,"date":"2024-07-18T17:01:52","date_gmt":"2024-07-18T21:01:52","guid":{"rendered":"https:\/\/therivera.group\/?page_id=1571"},"modified":"2025-02-20T15:48:35","modified_gmt":"2025-02-20T19:48:35","slug":"consultoria","status":"publish","type":"page","link":"https:\/\/therivera.group\/en\/consultoria\/","title":{"rendered":"Consulting"},"content":{"rendered":"<div data-elementor-type=\"wp-page\" data-elementor-id=\"1571\" class=\"elementor elementor-1571\" data-elementor-post-type=\"page\">\n\t\t\t\t<div class=\"elementor-element elementor-element-1afd20ce e-flex e-con-boxed e-con e-parent\" data-id=\"1afd20ce\" data-element_type=\"container\" data-e-type=\"container\" data-settings=\"{&quot;background_background&quot;:&quot;classic&quot;}\">\n\t\t\t\t\t<div class=\"e-con-inner\">\n\t\t<div class=\"elementor-element elementor-element-4396a358 e-con-full e-flex e-con e-child\" data-id=\"4396a358\" data-element_type=\"container\" data-e-type=\"container\">\n\t\t<div class=\"elementor-element elementor-element-5889ab31 e-con-full e-flex e-con e-child\" data-id=\"5889ab31\" data-element_type=\"container\" data-e-type=\"container\">\n\t\t\t\t<\/div>\n\t\t\t\t<\/div>\n\t\t\t\t\t<\/div>\n\t\t\t\t<\/div>\n\t\t<div class=\"elementor-element elementor-element-f88567f e-flex e-con-boxed e-con e-parent\" data-id=\"f88567f\" data-element_type=\"container\" data-e-type=\"container\">\n\t\t\t\t\t<div class=\"e-con-inner\">\n\t\t<div class=\"elementor-element elementor-element-af666f0 e-con-full e-flex e-con e-child\" data-id=\"af666f0\" data-element_type=\"container\" data-e-type=\"container\" data-settings=\"{&quot;background_background&quot;:&quot;classic&quot;}\">\n\t\t\t\t<\/div>\n\t\t<div class=\"elementor-element elementor-element-212ccae e-con-full e-flex e-con e-child\" data-id=\"212ccae\" data-element_type=\"container\" data-e-type=\"container\">\n\t\t\t\t<div class=\"elementor-element elementor-element-be20d73 elementor-widget elementor-widget-heading\" data-id=\"be20d73\" data-element_type=\"widget\" data-e-type=\"widget\" data-widget_type=\"heading.default\">\n\t\t\t\t<div class=\"elementor-widget-container\">\n\t\t\t\t\t<h3 class=\"elementor-heading-title elementor-size-default\">We can help you with your personal and business matters<\/h3>\t\t\t\t<\/div>\n\t\t\t\t<\/div>\n\t\t\t\t<div class=\"elementor-element elementor-element-b834360 elementor-widget elementor-widget-text-editor\" data-id=\"b834360\" data-element_type=\"widget\" data-e-type=\"widget\" data-widget_type=\"text-editor.default\">\n\t\t\t\t<div class=\"elementor-widget-container\">\n\t\t\t\t\t\t\t\t\t<p>Through orientation and legal advice in the planning and organization of your profit or non-profit business entity, registration of intellectual property, including trademarks and trade names, permits, bids or request for proposals, negotiation of all types of contracts, distribution agreements, and franchise development, among others.<\/p><p>Through accurate, practical and contextualized legal advice, we focus on incorporating your short and long-term goals, as well as providing practical solutions to your urgent legal concerns. We believe that effective legal counseling sometimes requires a multiple interconnected approach from different professional perspectives. In such specific cases, we do our utmost to bring added value to our clients by assembling a multidisciplinary team, tailored to each client, considering its needs and budget.<\/p>\t\t\t\t\t\t\t\t<\/div>\n\t\t\t\t<\/div>\n\t\t\t\t<\/div>\n\t\t\t\t\t<\/div>\n\t\t\t\t<\/div>\n\t\t<div class=\"elementor-element elementor-element-fda3f3d e-flex e-con-boxed e-con e-parent\" data-id=\"fda3f3d\" data-element_type=\"container\" data-e-type=\"container\" data-settings=\"{&quot;background_background&quot;:&quot;classic&quot;}\">\n\t\t\t\t\t<div class=\"e-con-inner\">\n\t\t<div class=\"elementor-element elementor-element-d94bfc1 e-con-full e-flex e-con e-child\" data-id=\"d94bfc1\" data-element_type=\"container\" data-e-type=\"container\">\n\t\t\t\t<div class=\"elementor-element elementor-element-18446c7 elementor-widget__width-initial elementor-widget elementor-widget-heading\" data-id=\"18446c7\" data-element_type=\"widget\" data-e-type=\"widget\" data-widget_type=\"heading.default\">\n\t\t\t\t<div class=\"elementor-widget-container\">\n\t\t\t\t\t<h3 class=\"elementor-heading-title elementor-size-default\">We can help you with your legal needs!<\/h3>\t\t\t\t<\/div>\n\t\t\t\t<\/div>\n\t\t\t\t<div class=\"elementor-element elementor-element-b26126e elementor-widget elementor-widget-button\" data-id=\"b26126e\" data-element_type=\"widget\" data-e-type=\"widget\" data-widget_type=\"button.default\">\n\t\t\t\t<div class=\"elementor-widget-container\">\n\t\t\t\t\t\t\t\t\t<div class=\"elementor-button-wrapper\">\n\t\t\t\t\t<a class=\"elementor-button elementor-button-link elementor-size-sm\" href=\"\/en\/contacto\/\">\n\t\t\t\t\t\t<span class=\"elementor-button-content-wrapper\">\n\t\t\t\t\t\t\t\t\t<span class=\"elementor-button-text\">Contact Us<\/span>\n\t\t\t\t\t<\/span>\n\t\t\t\t\t<\/a>\n\t\t\t\t<\/div>\n\t\t\t\t\t\t\t\t<\/div>\n\t\t\t\t<\/div>\n\t\t\t\t<\/div>\n\t\t\t\t\t<\/div>\n\t\t\t\t<\/div>\n\t\t\t\t<\/div>","protected":false},"excerpt":{"rendered":"<p>Podemos ayudarte con tus asuntos personales y los de tu negocio Mediante la orientaci\u00f3n y asesor\u00eda legal en la planificaci\u00f3n y organizaci\u00f3n de tu empresa, con o sin fines de lucro, registro de marcas y propiedad intelectual, obtenci\u00f3n de permisos, participaci\u00f3n en subastas, negociaci\u00f3n de todo tipo de contratos y acuerdos de distribuci\u00f3n, desarrollo de [&hellip;]<\/p>\n","protected":false},"author":1,"featured_media":0,"parent":0,"menu_order":0,"comment_status":"closed","ping_status":"closed","template":"elementor_header_footer","meta":{"footnotes":""},"class_list":["post-1571","page","type-page","status-publish","hentry"],"_links":{"self":[{"href":"https:\/\/therivera.group\/en\/wp-json\/wp\/v2\/pages\/1571","targetHints":{"allow":["GET"]}}],"collection":[{"href":"https:\/\/therivera.group\/en\/wp-json\/wp\/v2\/pages"}],"about":[{"href":"https:\/\/therivera.group\/en\/wp-json\/wp\/v2\/types\/page"}],"author":[{"embeddable":true,"href":"https:\/\/therivera.group\/en\/wp-json\/wp\/v2\/users\/1"}],"replies":[{"embeddable":true,"href":"https:\/\/therivera.group\/en\/wp-json\/wp\/v2\/comments?post=1571"}],"version-history":[{"count":14,"href":"https:\/\/therivera.group\/en\/wp-json\/wp\/v2\/pages\/1571\/revisions"}],"predecessor-version":[{"id":2474,"href":"https:\/\/therivera.group\/en\/wp-json\/wp\/v2\/pages\/1571\/revisions\/2474"}],"wp:attachment":[{"href":"https:\/\/therivera.group\/en\/wp-json\/wp\/v2\/media?parent=1571"}],"curies":[{"name":"wp","href":"https:\/\/api.w.org\/{rel}","templated":true}]}}