{"id":1430,"date":"2024-07-18T16:33:19","date_gmt":"2024-07-18T20:33:19","guid":{"rendered":"https:\/\/therivera.group\/?page_id=1430"},"modified":"2025-02-20T15:47:44","modified_gmt":"2025-02-20T19:47:44","slug":"servicios","status":"publish","type":"page","link":"https:\/\/therivera.group\/en\/servicios\/","title":{"rendered":"Practice Areas"},"content":{"rendered":"<div data-elementor-type=\"wp-page\" data-elementor-id=\"1430\" class=\"elementor elementor-1430\" data-elementor-post-type=\"page\">\n\t\t\t\t<div class=\"elementor-element elementor-element-1afd20ce e-flex e-con-boxed e-con e-parent\" data-id=\"1afd20ce\" data-element_type=\"container\" data-e-type=\"container\" data-settings=\"{&quot;background_background&quot;:&quot;classic&quot;}\">\n\t\t\t\t\t<div class=\"e-con-inner\">\n\t\t<div class=\"elementor-element elementor-element-4396a358 e-con-full e-flex e-con e-child\" data-id=\"4396a358\" data-element_type=\"container\" data-e-type=\"container\">\n\t\t<div class=\"elementor-element elementor-element-5889ab31 e-con-full e-flex e-con e-child\" data-id=\"5889ab31\" data-element_type=\"container\" data-e-type=\"container\">\n\t\t\t\t<\/div>\n\t\t\t\t<\/div>\n\t\t\t\t\t<\/div>\n\t\t\t\t<\/div>\n\t\t<div class=\"elementor-element elementor-element-a1586a9 e-flex e-con-boxed e-con e-parent\" data-id=\"a1586a9\" data-element_type=\"container\" data-e-type=\"container\" data-settings=\"{&quot;background_background&quot;:&quot;classic&quot;}\">\n\t\t\t\t\t<div class=\"e-con-inner\">\n\t\t<div class=\"elementor-element elementor-element-26ff05e e-con-full e-flex e-con e-child\" data-id=\"26ff05e\" data-element_type=\"container\" data-e-type=\"container\">\n\t\t<div class=\"elementor-element elementor-element-6d60dc5 e-grid e-con-full e-con e-child\" data-id=\"6d60dc5\" data-element_type=\"container\" data-e-type=\"container\">\n\t\t\t\t<div class=\"elementor-element elementor-element-c005fd8 elementor-view-default elementor-position-block-start elementor-mobile-position-block-start elementor-widget elementor-widget-icon-box\" data-id=\"c005fd8\" data-element_type=\"widget\" data-e-type=\"widget\" data-widget_type=\"icon-box.default\">\n\t\t\t\t<div class=\"elementor-widget-container\">\n\t\t\t\t\t\t\t<div class=\"elementor-icon-box-wrapper\">\n\n\t\t\t\t\t\t<div class=\"elementor-icon-box-icon\">\n\t\t\t\t<a href=\"\/en\/consultoria\/\" class=\"elementor-icon\" tabindex=\"-1\" aria-label=\"Consulting\">\n\t\t\t\t<svg xmlns=\"http:\/\/www.w3.org\/2000\/svg\" xmlns:xlink=\"http:\/\/www.w3.org\/1999\/xlink\" xmlns:serif=\"http:\/\/www.serif.com\/\" width=\"100%\" height=\"100%\" viewbox=\"0 0 128 128\" xml:space=\"preserve\" style=\"fill-rule:evenodd;clip-rule:evenodd;stroke-linejoin:round;stroke-miterlimit:2;\">    <g transform=\"matrix(3.5548,0,0,3.76471,-21.3024,-26.3529)\">        <g transform=\"matrix(0.981345,0,0,0.981345,0.393101,1.0954)\">            <path d=\"M41,6.865C41.625,6.865 42.143,7.375 42.143,8L42.143,12C42.143,12.625 41.625,13.135 41,13.135C40.375,13.135 39.857,12.625 39.857,12L39.857,10.755L29.811,20.8C29.487,21.124 28.999,21.223 28.573,21.053C28.573,21.053 19.135,17.278 19.135,17.278C19.135,17.278 7.638,24.943 7.639,24.942C7.448,25.071 7.223,25.14 6.993,25.14C6.368,25.14 5.849,24.63 5.849,24.005C5.849,23.623 6.043,23.267 6.363,23.057L18.363,15.058C18.677,14.847 19.076,14.806 19.427,14.947C19.427,14.947 28.723,18.665 28.723,18.665L38.254,9.135L37,9.135C36.375,9.135 35.857,8.625 35.857,8C35.857,7.375 36.375,6.865 37,6.865L41,6.865Z\" style=\"fill:white;\"><\/path>        <\/g>        <g transform=\"matrix(0.597349,0,0,0.564043,19.5098,2.16688)\">            <path d=\"M11.922,23.305C12.05,23.433 12.197,23.554 12.362,23.67C12.532,23.786 12.706,23.891 12.884,23.984C13.063,24.071 13.242,24.142 13.422,24.195C13.595,24.243 13.755,24.267 13.902,24.267C14.112,24.267 14.308,24.243 14.492,24.195C14.673,24.144 14.828,24.072 14.959,23.978C15.088,23.884 15.19,23.772 15.263,23.643C15.335,23.513 15.37,23.365 15.37,23.201C15.37,23.068 15.325,22.952 15.235,22.853C15.235,22.852 15.234,22.852 15.234,22.851C15.133,22.736 14.999,22.636 14.834,22.55C14.832,22.549 14.831,22.548 14.83,22.548C14.658,22.452 14.462,22.368 14.243,22.295C14.021,22.22 13.797,22.148 13.571,22.081C13.522,22.067 13.476,22.052 13.431,22.034C13.43,22.033 13.428,22.032 13.426,22.032C13.395,22.018 13.363,22.005 13.332,21.995L13.33,21.994C12.882,21.84 12.494,21.677 12.164,21.506L12.163,21.505C11.825,21.326 11.546,21.129 11.325,20.916C11.097,20.697 10.928,20.454 10.816,20.188L10.815,20.186C10.708,19.921 10.654,19.624 10.654,19.295C10.654,18.963 10.71,18.656 10.821,18.375L10.821,18.374C10.937,18.088 11.101,17.835 11.315,17.617C11.526,17.398 11.782,17.213 12.082,17.065C12.344,16.932 12.636,16.832 12.958,16.764L12.958,16.031C12.958,15.921 12.993,15.827 13.06,15.747C13.13,15.664 13.233,15.615 13.374,15.615L14.25,15.615C14.351,15.615 14.447,15.649 14.537,15.721C14.634,15.798 14.683,15.901 14.683,16.031C14.683,16.031 14.683,16.738 14.683,16.738C14.888,16.778 15.092,16.833 15.294,16.901C15.543,16.984 15.784,17.092 16.017,17.225C16.132,17.291 16.252,17.367 16.375,17.454C16.5,17.537 16.613,17.623 16.713,17.71C16.821,17.802 16.908,17.891 16.974,17.978C17.065,18.093 17.101,18.195 17.101,18.275C17.101,18.384 17.051,18.502 16.933,18.62L16.261,19.316C16.26,19.317 16.26,19.318 16.259,19.318C16.166,19.411 16.065,19.453 15.96,19.453C15.875,19.453 15.747,19.402 15.589,19.276C15.471,19.181 15.33,19.078 15.166,18.964C15.165,18.963 15.164,18.963 15.164,18.962C15.003,18.848 14.82,18.745 14.614,18.654C14.417,18.566 14.199,18.523 13.962,18.523C13.754,18.523 13.571,18.546 13.412,18.594C13.411,18.595 13.41,18.595 13.409,18.595C13.256,18.638 13.126,18.697 13.019,18.775L13.019,18.776C12.923,18.845 12.851,18.928 12.801,19.027L12.8,19.029C12.752,19.123 12.727,19.226 12.727,19.337C12.727,19.456 12.76,19.56 12.827,19.645C12.904,19.743 13.01,19.83 13.143,19.907C13.292,19.991 13.467,20.069 13.669,20.142C13.884,20.213 14.116,20.286 14.366,20.362L14.367,20.362C14.758,20.483 15.135,20.614 15.499,20.756C15.872,20.901 16.199,21.077 16.481,21.284C16.77,21.493 17.002,21.749 17.177,22.051C17.353,22.356 17.443,22.727 17.443,23.165C17.443,23.567 17.369,23.938 17.221,24.276C17.073,24.61 16.868,24.904 16.606,25.158C16.35,25.409 16.046,25.617 15.694,25.781L15.692,25.781C15.381,25.922 15.045,26.024 14.683,26.085L14.683,26.783C14.683,26.923 14.639,27.025 14.566,27.095C14.495,27.163 14.392,27.205 14.25,27.205L13.374,27.205C13.236,27.205 13.136,27.162 13.067,27.092C13,27.022 12.958,26.921 12.958,26.783C12.958,26.783 12.958,26.05 12.958,26.05C12.675,25.991 12.399,25.904 12.132,25.788C12.131,25.788 12.13,25.788 12.129,25.787C11.828,25.651 11.542,25.486 11.27,25.293C11.154,25.21 11.041,25.121 10.929,25.027C10.928,25.025 10.926,25.024 10.925,25.023C10.818,24.924 10.722,24.83 10.636,24.74C10.634,24.738 10.633,24.736 10.631,24.735C10.548,24.639 10.479,24.553 10.425,24.478C10.424,24.476 10.423,24.475 10.422,24.473C10.35,24.366 10.324,24.281 10.324,24.227C10.324,24.124 10.374,24.013 10.493,23.905L11.249,23.209C11.253,23.206 11.257,23.202 11.262,23.199C11.372,23.118 11.468,23.085 11.544,23.085C11.606,23.085 11.669,23.103 11.731,23.144C11.774,23.168 11.822,23.203 11.874,23.251C11.879,23.255 11.884,23.26 11.888,23.266L11.915,23.298C11.916,23.299 11.921,23.304 11.922,23.305C11.922,23.305 11.96,23.348 11.922,23.305Z\" style=\"fill:white;\"><\/path>        <\/g>        <path d=\"M12,29.266L12,40.734C12,40.881 11.874,41 11.719,41L6.282,41C6.126,41 6,40.881 6,40.734L6,29.266C6,29.119 6.126,29 6.282,29L11.719,29C11.874,29 12,29.119 12,29.266Z\" style=\"fill:white;\"><\/path>        <path d=\"M22,23.266L22,40.734C22,40.881 21.874,41 21.719,41L16.282,41C16.126,41 16,40.881 16,40.734L16,23.266C16,23.119 16.126,23 16.282,23L21.719,23C21.874,23 22,23.119 22,23.266Z\" style=\"fill:white;\"><\/path>        <path d=\"M32,25.266L32,40.734C32,40.881 31.874,41 31.719,41L26.282,41C26.126,41 26,40.881 26,40.734L26,25.266C26,25.119 26.126,25 26.282,25L31.719,25C31.874,25 32,25.119 32,25.266Z\" style=\"fill:white;\"><\/path>        <path d=\"M42,19.266L42,40.734C42,40.881 41.874,41 41.719,41L36.282,41C36.126,41 36,40.881 36,40.734L36,19.266C36,19.119 36.126,19 36.282,19L41.719,19C41.874,19 42,19.119 42,19.266Z\" style=\"fill:white;\"><\/path>    <\/g><\/svg>\t\t\t\t<\/a>\n\t\t\t<\/div>\n\t\t\t\n\t\t\t\t\t\t<div class=\"elementor-icon-box-content\">\n\n\t\t\t\t\t\t\t\t\t<h4 class=\"elementor-icon-box-title\">\n\t\t\t\t\t\t<a href=\"\/en\/consultoria\/\" >\n\t\t\t\t\t\t\tConsulting\t\t\t\t\t\t<\/a>\n\t\t\t\t\t<\/h4>\n\t\t\t\t\n\t\t\t\t\t\t\t\t\t<p class=\"elementor-icon-box-description\">\n\t\t\t\t\t\tWe provide legal advice for you and \nthe development and maintenance of your business. \t\t\t\t\t<\/p>\n\t\t\t\t\n\t\t\t<\/div>\n\t\t\t\n\t\t<\/div>\n\t\t\t\t\t\t<\/div>\n\t\t\t\t<\/div>\n\t\t\t\t<div class=\"elementor-element elementor-element-63085d4 elementor-view-default elementor-position-block-start elementor-mobile-position-block-start elementor-widget elementor-widget-icon-box\" data-id=\"63085d4\" data-element_type=\"widget\" data-e-type=\"widget\" data-widget_type=\"icon-box.default\">\n\t\t\t\t<div class=\"elementor-widget-container\">\n\t\t\t\t\t\t\t<div class=\"elementor-icon-box-wrapper\">\n\n\t\t\t\t\t\t<div class=\"elementor-icon-box-icon\">\n\t\t\t\t<a href=\"\/en\/reclamaciones\/\" class=\"elementor-icon\" tabindex=\"-1\" aria-label=\"Claims\">\n\t\t\t\t<svg xmlns=\"http:\/\/www.w3.org\/2000\/svg\" xmlns:xlink=\"http:\/\/www.w3.org\/1999\/xlink\" xmlns:serif=\"http:\/\/www.serif.com\/\" width=\"100%\" height=\"100%\" viewbox=\"0 0 128 128\" xml:space=\"preserve\" style=\"fill-rule:evenodd;clip-rule:evenodd;stroke-linejoin:round;stroke-miterlimit:2;\">    <g id=\"row3_1_\">    <\/g>    <g id=\"row2_1_\">        <path id=\"Court_1_\" d=\"M72.1,104L72.1,58.3L77.3,58.3L77.3,53.3L50.7,53.3L50.7,58.1L55.9,58.1L55.9,104L72.1,104ZM2.3,50.6L125.8,50.6C128.8,49.3 128.6,46.5 125.9,44.6C123.519,43.069 80.423,11.888 67.582,2.593C65.445,1.052 62.56,1.056 60.428,2.604C47.653,11.913 4.85,43.085 2.3,44.7C-0.6,46.5 -0.8,49.3 2.3,50.6ZM65.3,21.3C70.5,21.3 74.7,25.5 74.7,30.6C74.7,35.7 70.5,39.9 65.3,39.9C60.1,39.9 55.9,35.7 55.9,30.6C56,25.5 60.2,21.3 65.3,21.3ZM114.7,104L114.7,58.3L119.9,58.3L119.9,53.3L93.3,53.3L93.3,58.1L98.5,58.1L98.5,104L114.7,104ZM45.3,120L82.6,120L82.6,114.7L45.3,114.7L45.3,120ZM50.7,112L77.4,112L77.4,106.7L50.7,106.7L50.7,112ZM88,128L128,128L128,122.7L88,122.7L88,128ZM32.1,104L32.1,58.9L37.3,58.9L37.3,53.3L10.6,53.3L10.6,58.4L15.8,58.4L15.8,104L32.1,104ZM85.3,120L128,120L128,109.3L85.3,109.3L85.3,120ZM0,128L40,128L40,122.7L0,122.7L0,128ZM42.7,109.3L0,109.3L0,120L42.7,120L42.7,109.3ZM42.7,128L85.3,128L85.3,122.7L42.7,122.7L42.7,128Z\" style=\"fill:white;fill-rule:nonzero;\"><\/path>    <\/g><\/svg>\t\t\t\t<\/a>\n\t\t\t<\/div>\n\t\t\t\n\t\t\t\t\t\t<div class=\"elementor-icon-box-content\">\n\n\t\t\t\t\t\t\t\t\t<h4 class=\"elementor-icon-box-title\">\n\t\t\t\t\t\t<a href=\"\/en\/reclamaciones\/\" >\n\t\t\t\t\t\t\tClaims\t\t\t\t\t\t<\/a>\n\t\t\t\t\t<\/h4>\n\t\t\t\t\n\t\t\t\t\t\t\t\t\t<p class=\"elementor-icon-box-description\">\n\t\t\t\t\t\tWe can help you with your personal or business-related claims.\t\t\t\t\t<\/p>\n\t\t\t\t\n\t\t\t<\/div>\n\t\t\t\n\t\t<\/div>\n\t\t\t\t\t\t<\/div>\n\t\t\t\t<\/div>\n\t\t\t\t<div class=\"elementor-element elementor-element-fb6b80c elementor-view-default elementor-position-block-start elementor-mobile-position-block-start elementor-widget elementor-widget-icon-box\" data-id=\"fb6b80c\" data-element_type=\"widget\" data-e-type=\"widget\" data-widget_type=\"icon-box.default\">\n\t\t\t\t<div class=\"elementor-widget-container\">\n\t\t\t\t\t\t\t<div class=\"elementor-icon-box-wrapper\">\n\n\t\t\t\t\t\t<div class=\"elementor-icon-box-icon\">\n\t\t\t\t<a href=\"\/en\/familia\/\" class=\"elementor-icon\" tabindex=\"-1\" aria-label=\"PERSONAL MATTERS\">\n\t\t\t\t<svg aria-hidden=\"true\" class=\"e-font-icon-svg e-fas-users\" viewbox=\"0 0 640 512\" xmlns=\"http:\/\/www.w3.org\/2000\/svg\"><path d=\"M96 224c35.3 0 64-28.7 64-64s-28.7-64-64-64-64 28.7-64 64 28.7 64 64 64zm448 0c35.3 0 64-28.7 64-64s-28.7-64-64-64-64 28.7-64 64 28.7 64 64 64zm32 32h-64c-17.6 0-33.5 7.1-45.1 18.6 40.3 22.1 68.9 62 75.1 109.4h66c17.7 0 32-14.3 32-32v-32c0-35.3-28.7-64-64-64zm-256 0c61.9 0 112-50.1 112-112S381.9 32 320 32 208 82.1 208 144s50.1 112 112 112zm76.8 32h-8.3c-20.8 10-43.9 16-68.5 16s-47.6-6-68.5-16h-8.3C179.6 288 128 339.6 128 403.2V432c0 26.5 21.5 48 48 48h288c26.5 0 48-21.5 48-48v-28.8c0-63.6-51.6-115.2-115.2-115.2zm-223.7-13.4C161.5 263.1 145.6 256 128 256H64c-35.3 0-64 28.7-64 64v32c0 17.7 14.3 32 32 32h65.9c6.3-47.4 34.9-87.3 75.2-109.4z\"><\/path><\/svg>\t\t\t\t<\/a>\n\t\t\t<\/div>\n\t\t\t\n\t\t\t\t\t\t<div class=\"elementor-icon-box-content\">\n\n\t\t\t\t\t\t\t\t\t<h4 class=\"elementor-icon-box-title\">\n\t\t\t\t\t\t<a href=\"\/en\/familia\/\" >\n\t\t\t\t\t\t\tPERSONAL MATTERS\t\t\t\t\t\t<\/a>\n\t\t\t\t\t<\/h4>\n\t\t\t\t\n\t\t\t\t\t\t\t\t\t<p class=\"elementor-icon-box-description\">\n\t\t\t\t\t\tWe can assist you with those sensitive matters we all face at any given time. \t\t\t\t\t<\/p>\n\t\t\t\t\n\t\t\t<\/div>\n\t\t\t\n\t\t<\/div>\n\t\t\t\t\t\t<\/div>\n\t\t\t\t<\/div>\n\t\t\t\t<div class=\"elementor-element elementor-element-26c5daa elementor-view-default elementor-position-block-start elementor-mobile-position-block-start elementor-widget elementor-widget-icon-box\" data-id=\"26c5daa\" data-element_type=\"widget\" data-e-type=\"widget\" data-widget_type=\"icon-box.default\">\n\t\t\t\t<div class=\"elementor-widget-container\">\n\t\t\t\t\t\t\t<div class=\"elementor-icon-box-wrapper\">\n\n\t\t\t\t\t\t<div class=\"elementor-icon-box-icon\">\n\t\t\t\t<a href=\"\/en\/notaria\/\" class=\"elementor-icon\" tabindex=\"-1\" aria-label=\"Notary\">\n\t\t\t\t<svg aria-hidden=\"true\" class=\"e-font-icon-svg e-fas-file-contract\" viewbox=\"0 0 384 512\" xmlns=\"http:\/\/www.w3.org\/2000\/svg\"><path d=\"M224 136V0H24C10.7 0 0 10.7 0 24v464c0 13.3 10.7 24 24 24h336c13.3 0 24-10.7 24-24V160H248c-13.2 0-24-10.8-24-24zM64 72c0-4.42 3.58-8 8-8h80c4.42 0 8 3.58 8 8v16c0 4.42-3.58 8-8 8H72c-4.42 0-8-3.58-8-8V72zm0 64c0-4.42 3.58-8 8-8h80c4.42 0 8 3.58 8 8v16c0 4.42-3.58 8-8 8H72c-4.42 0-8-3.58-8-8v-16zm192.81 248H304c8.84 0 16 7.16 16 16s-7.16 16-16 16h-47.19c-16.45 0-31.27-9.14-38.64-23.86-2.95-5.92-8.09-6.52-10.17-6.52s-7.22.59-10.02 6.19l-7.67 15.34a15.986 15.986 0 0 1-14.31 8.84c-.38 0-.75-.02-1.14-.05-6.45-.45-12-4.75-14.03-10.89L144 354.59l-10.61 31.88c-5.89 17.66-22.38 29.53-41 29.53H80c-8.84 0-16-7.16-16-16s7.16-16 16-16h12.39c4.83 0 9.11-3.08 10.64-7.66l18.19-54.64c3.3-9.81 12.44-16.41 22.78-16.41s19.48 6.59 22.77 16.41l13.88 41.64c19.77-16.19 54.05-9.7 66 14.16 2.02 4.06 5.96 6.5 10.16 6.5zM377 105L279.1 7c-4.5-4.5-10.6-7-17-7H256v128h128v-6.1c0-6.3-2.5-12.4-7-16.9z\"><\/path><\/svg>\t\t\t\t<\/a>\n\t\t\t<\/div>\n\t\t\t\n\t\t\t\t\t\t<div class=\"elementor-icon-box-content\">\n\n\t\t\t\t\t\t\t\t\t<h4 class=\"elementor-icon-box-title\">\n\t\t\t\t\t\t<a href=\"\/en\/notaria\/\" >\n\t\t\t\t\t\t\tNotary\t\t\t\t\t\t<\/a>\n\t\t\t\t\t<\/h4>\n\t\t\t\t\n\t\t\t\t\t\t\t\t\t<p class=\"elementor-icon-box-description\">\n\t\t\t\t\t\tWe provide all legal services that require the participation of a notary public. \t\t\t\t\t<\/p>\n\t\t\t\t\n\t\t\t<\/div>\n\t\t\t\n\t\t<\/div>\n\t\t\t\t\t\t<\/div>\n\t\t\t\t<\/div>\n\t\t\t\t<div class=\"elementor-element elementor-element-633fb9c elementor-view-default elementor-position-block-start elementor-mobile-position-block-start elementor-widget elementor-widget-icon-box\" data-id=\"633fb9c\" data-element_type=\"widget\" data-e-type=\"widget\" data-widget_type=\"icon-box.default\">\n\t\t\t\t<div class=\"elementor-widget-container\">\n\t\t\t\t\t\t\t<div class=\"elementor-icon-box-wrapper\">\n\n\t\t\t\t\t\t<div class=\"elementor-icon-box-icon\">\n\t\t\t\t<a href=\"\/en\/finanzas\/\" class=\"elementor-icon\" tabindex=\"-1\" aria-label=\"ASSET PROTECTION\">\n\t\t\t\t<svg xmlns=\"http:\/\/www.w3.org\/2000\/svg\" xmlns:xlink=\"http:\/\/www.w3.org\/1999\/xlink\" xmlns:serif=\"http:\/\/www.serif.com\/\" width=\"100%\" height=\"100%\" viewbox=\"0 0 128 128\" xml:space=\"preserve\" style=\"fill-rule:evenodd;clip-rule:evenodd;stroke-linejoin:round;stroke-miterlimit:2;\">    <g transform=\"matrix(2.26104,0,0,2.26349,-8.57882,-8.3216)\">        <path d=\"M60.5,32.9C59.8,26.7 57.4,21.1 53,16.4C47.9,11 41.6,8 34.2,7.4L34.2,6C34.3,4.6 33,3.5 31.7,3.7C30.7,3.8 29.9,4.5 29.7,5.5L29.7,7.5C25,7.9 20.6,9.4 16.6,12C12.6,14.6 9.4,18 7.1,22.2C5.3,25.5 4.1,29 3.7,32.8C3.6,33.8 4.7,34.6 5.6,34C7.8,32.6 10.3,31.9 13,31.9C16.3,31.9 19.2,33.1 21.6,35.1C22.1,35.5 22.8,35.5 23.2,35.1C25,33.6 27.1,32.5 29.5,32.1L29.5,57.882C29.5,59.123 30.507,60.129 31.749,60.129C31.75,60.129 31.75,60.129 31.751,60.129C32.993,60.129 34,59.123 34,57.882C34,51.244 34,32.3 34,32.3C34,32.2 34.1,32.2 34.2,32.2C35.6,32.4 36.9,32.9 38.2,33.6C39.1,34.1 39.9,34.6 40.6,35.3C41.1,35.7 41.8,35.7 42.3,35.3C44.8,33.2 47.7,32 51,32C53.8,32 56.3,32.7 58.5,34.2C59.4,34.7 60.6,34 60.5,32.9Z\" style=\"fill:white;fill-rule:nonzero;\"><\/path>    <\/g>    <g transform=\"matrix(2.91851,0,0,2.15477,-14.5816,-99.7169)\">        <path d=\"M13.679,88.073C13.679,86.612 14.245,85.791 15.378,85.612L15.378,84.557L17.031,84.557L17.031,85.612C18.167,85.791 18.736,86.612 18.736,88.073L18.736,89.737L16.779,89.737L16.779,88.073C16.779,87.635 16.589,87.414 16.21,87.411L16.199,87.411C15.82,87.411 15.63,87.631 15.63,88.073L15.63,89.116C15.63,89.596 16.128,90.192 17.124,90.903C18.199,91.668 18.736,92.584 18.736,93.651L18.736,95.104C18.736,96.569 18.167,97.389 17.031,97.565L17.031,98.989L15.378,98.989L15.378,97.565C14.245,97.385 13.679,96.565 13.679,95.104L13.679,93.446L15.63,93.446L15.63,95.104C15.63,95.545 15.822,95.766 16.204,95.766C16.587,95.766 16.779,95.545 16.779,95.104L16.779,93.797C16.779,93.274 16.281,92.655 15.285,91.94C14.214,91.174 13.679,90.245 13.679,89.151L13.679,88.073Z\" style=\"fill:white;fill-rule:nonzero;\"><\/path>    <\/g>    <g transform=\"matrix(2.91851,0,0,2.15477,47.9787,-99.7169)\">        <path d=\"M13.679,88.073C13.679,86.612 14.245,85.791 15.378,85.612L15.378,84.557L17.031,84.557L17.031,85.612C18.167,85.791 18.736,86.612 18.736,88.073L18.736,89.737L16.779,89.737L16.779,88.073C16.779,87.635 16.589,87.414 16.21,87.411L16.199,87.411C15.82,87.411 15.63,87.631 15.63,88.073L15.63,89.116C15.63,89.596 16.128,90.192 17.124,90.903C18.199,91.668 18.736,92.584 18.736,93.651L18.736,95.104C18.736,96.569 18.167,97.389 17.031,97.565L17.031,98.989L15.378,98.989L15.378,97.565C14.245,97.385 13.679,96.565 13.679,95.104L13.679,93.446L15.63,93.446L15.63,95.104C15.63,95.545 15.822,95.766 16.204,95.766C16.587,95.766 16.779,95.545 16.779,95.104L16.779,93.797C16.779,93.274 16.281,92.655 15.285,91.94C14.214,91.174 13.679,90.245 13.679,89.151L13.679,88.073Z\" style=\"fill:white;fill-rule:nonzero;\"><\/path>    <\/g><\/svg>\t\t\t\t<\/a>\n\t\t\t<\/div>\n\t\t\t\n\t\t\t\t\t\t<div class=\"elementor-icon-box-content\">\n\n\t\t\t\t\t\t\t\t\t<h4 class=\"elementor-icon-box-title\">\n\t\t\t\t\t\t<a href=\"\/en\/finanzas\/\" >\n\t\t\t\t\t\t\tASSET PROTECTION\t\t\t\t\t\t<\/a>\n\t\t\t\t\t<\/h4>\n\t\t\t\t\n\t\t\t\t\t\t\t\t\t<p class=\"elementor-icon-box-description\">\n\t\t\t\t\t\tWe develop legal strategies for the protection of your personal and business assets.  \t\t\t\t\t<\/p>\n\t\t\t\t\n\t\t\t<\/div>\n\t\t\t\n\t\t<\/div>\n\t\t\t\t\t\t<\/div>\n\t\t\t\t<\/div>\n\t\t\t\t<div class=\"elementor-element elementor-element-7a31883 elementor-view-default elementor-position-block-start elementor-mobile-position-block-start elementor-widget elementor-widget-icon-box\" data-id=\"7a31883\" data-element_type=\"widget\" data-e-type=\"widget\" data-widget_type=\"icon-box.default\">\n\t\t\t\t<div class=\"elementor-widget-container\">\n\t\t\t\t\t\t\t<div class=\"elementor-icon-box-wrapper\">\n\n\t\t\t\t\t\t<div class=\"elementor-icon-box-icon\">\n\t\t\t\t<a href=\"\/en\/proteccion\/\" class=\"elementor-icon\" tabindex=\"-1\" aria-label=\"Estate Planning\">\n\t\t\t\t<svg aria-hidden=\"true\" class=\"e-font-icon-svg e-fas-hands-helping\" viewbox=\"0 0 640 512\" xmlns=\"http:\/\/www.w3.org\/2000\/svg\"><path d=\"M488 192H336v56c0 39.7-32.3 72-72 72s-72-32.3-72-72V126.4l-64.9 39C107.8 176.9 96 197.8 96 220.2v47.3l-80 46.2C.7 322.5-4.6 342.1 4.3 357.4l80 138.6c8.8 15.3 28.4 20.5 43.7 11.7L231.4 448H368c35.3 0 64-28.7 64-64h16c17.7 0 32-14.3 32-32v-64h8c13.3 0 24-10.7 24-24v-48c0-13.3-10.7-24-24-24zm147.7-37.4L555.7 16C546.9.7 527.3-4.5 512 4.3L408.6 64H306.4c-12 0-23.7 3.4-33.9 9.7L239 94.6c-9.4 5.8-15 16.1-15 27.1V248c0 22.1 17.9 40 40 40s40-17.9 40-40v-88h184c30.9 0 56 25.1 56 56v28.5l80-46.2c15.3-8.9 20.5-28.4 11.7-43.7z\"><\/path><\/svg>\t\t\t\t<\/a>\n\t\t\t<\/div>\n\t\t\t\n\t\t\t\t\t\t<div class=\"elementor-icon-box-content\">\n\n\t\t\t\t\t\t\t\t\t<h4 class=\"elementor-icon-box-title\">\n\t\t\t\t\t\t<a href=\"\/en\/proteccion\/\" >\n\t\t\t\t\t\t\tEstate Planning\t\t\t\t\t\t<\/a>\n\t\t\t\t\t<\/h4>\n\t\t\t\t\n\t\t\t\t\t\t\t\t\t<p class=\"elementor-icon-box-description\">\n\t\t\t\t\t\tWe can help you structure your personal estate and that of your business. \t\t\t\t\t<\/p>\n\t\t\t\t\n\t\t\t<\/div>\n\t\t\t\n\t\t<\/div>\n\t\t\t\t\t\t<\/div>\n\t\t\t\t<\/div>\n\t\t\t\t<\/div>\n\t\t\t\t<\/div>\n\t\t\t\t\t<\/div>\n\t\t\t\t<\/div>\n\t\t<div class=\"elementor-element elementor-element-03f1f16 e-flex e-con-boxed e-con e-parent\" data-id=\"03f1f16\" data-element_type=\"container\" data-e-type=\"container\" data-settings=\"{&quot;background_background&quot;:&quot;classic&quot;}\">\n\t\t\t\t\t<div class=\"e-con-inner\">\n\t\t<div class=\"elementor-element elementor-element-b690f34 e-con-full e-flex e-con e-child\" data-id=\"b690f34\" data-element_type=\"container\" data-e-type=\"container\">\n\t\t\t\t<div class=\"elementor-element elementor-element-02ada56 elementor-widget__width-initial elementor-widget elementor-widget-heading\" data-id=\"02ada56\" data-element_type=\"widget\" data-e-type=\"widget\" data-widget_type=\"heading.default\">\n\t\t\t\t<div class=\"elementor-widget-container\">\n\t\t\t\t\t<h3 class=\"elementor-heading-title elementor-size-default\">We can help you with your legal needs!<\/h3>\t\t\t\t<\/div>\n\t\t\t\t<\/div>\n\t\t\t\t<div class=\"elementor-element elementor-element-cbfa74f elementor-widget elementor-widget-button\" data-id=\"cbfa74f\" data-element_type=\"widget\" data-e-type=\"widget\" data-widget_type=\"button.default\">\n\t\t\t\t<div class=\"elementor-widget-container\">\n\t\t\t\t\t\t\t\t\t<div class=\"elementor-button-wrapper\">\n\t\t\t\t\t<a class=\"elementor-button elementor-button-link elementor-size-sm\" href=\"\/en\/contactanos\/\">\n\t\t\t\t\t\t<span class=\"elementor-button-content-wrapper\">\n\t\t\t\t\t\t\t\t\t<span class=\"elementor-button-text\">Contact Us<\/span>\n\t\t\t\t\t<\/span>\n\t\t\t\t\t<\/a>\n\t\t\t\t<\/div>\n\t\t\t\t\t\t\t\t<\/div>\n\t\t\t\t<\/div>\n\t\t\t\t<\/div>\n\t\t\t\t\t<\/div>\n\t\t\t\t<\/div>\n\t\t\t\t<\/div>","protected":false},"excerpt":{"rendered":"<p>Consultor\u00eda Orientaci\u00f3n y asesor\u00eda legal para ti y para el desarrollo y mantenimiento de tu empresa. Reclamaciones Podemos ayudarte con las reclamaciones en que las que te veas envuelto t\u00fa o tu negocio. ASUNTOS PERSONALES Podemos ayudarte con las situaciones personales que todos en alg\u00fan momento enfrentamos. Notar\u00eda Proveemos todo tipo de servicios que requiera [&hellip;]<\/p>\n","protected":false},"author":1,"featured_media":0,"parent":0,"menu_order":0,"comment_status":"closed","ping_status":"closed","template":"elementor_header_footer","meta":{"footnotes":""},"class_list":["post-1430","page","type-page","status-publish","hentry"],"_links":{"self":[{"href":"https:\/\/therivera.group\/en\/wp-json\/wp\/v2\/pages\/1430","targetHints":{"allow":["GET"]}}],"collection":[{"href":"https:\/\/therivera.group\/en\/wp-json\/wp\/v2\/pages"}],"about":[{"href":"https:\/\/therivera.group\/en\/wp-json\/wp\/v2\/types\/page"}],"author":[{"embeddable":true,"href":"https:\/\/therivera.group\/en\/wp-json\/wp\/v2\/users\/1"}],"replies":[{"embeddable":true,"href":"https:\/\/therivera.group\/en\/wp-json\/wp\/v2\/comments?post=1430"}],"version-history":[{"count":17,"href":"https:\/\/therivera.group\/en\/wp-json\/wp\/v2\/pages\/1430\/revisions"}],"predecessor-version":[{"id":2468,"href":"https:\/\/therivera.group\/en\/wp-json\/wp\/v2\/pages\/1430\/revisions\/2468"}],"wp:attachment":[{"href":"https:\/\/therivera.group\/en\/wp-json\/wp\/v2\/media?parent=1430"}],"curies":[{"name":"wp","href":"https:\/\/api.w.org\/{rel}","templated":true}]}}